{"id":775,"date":"2017-10-27T08:14:43","date_gmt":"2017-10-27T07:14:43","guid":{"rendered":"https:\/\/foto-simbach.de\/web\/?page_id=775"},"modified":"2022-10-01T14:18:46","modified_gmt":"2022-10-01T13:18:46","slug":"impressum","status":"publish","type":"page","link":"https:\/\/foto-simbach.de\/web\/?page_id=775","title":{"rendered":"Impressum"},"content":{"rendered":"<p class=\"impressumheader\">Impressum<\/p>\n<h3><strong>Es handelt sich hier um ein Private Seite da ich das Fotografieren nur als Hobby betreibe!<\/strong><\/h3>\n<p><span class=\"xr_s17\"><br \/>\n<span class=\"xr_tl xr_s18\">e-Mail: \u00a0 kontakt<span class=\"xr_s19\">(at)foto-simbach.de<br \/>\nwww.foto-simbach.de<br \/>\n<\/span><\/span><\/span><\/p>\n<hr \/>\n<p class=\"impressum\"><strong>Inhaber \/ Verantwortlich f\u00fcr Inhalt<\/strong><\/p>\n<p><strong>Haftung f\u00fcr Inhalte<\/strong><br \/>\nDie Inhalte unserer Seiten wurden mit gr\u00f6\u00dfter Sorgfalt erstellt. F\u00fcr die Richtigkeit, Vollst\u00e4ndigkeit und Aktualit\u00e4t der Inhalte k\u00f6nnen wir jedoch keine Gew\u00e4hr \u00fcbernehmen. Als Diensteanbieter sind wir gem\u00e4\u00df \u00a7 7 Abs.1 TMG f\u00fcr eigene Inhalte auf diesen Seiten nach den allgemeinen Gesetzen verantwortlich. Nach \u00a7\u00a7 8 bis 10 TMG sind wir als Diensteanbieter jedoch nicht verpflichtet, \u00fcbermittelte oder gespeicherte fremde Informationen zu \u00fcberwachen oder nach Umst\u00e4nden zu forschen, die auf eine rechtswidrige T\u00e4tigkeit hinweisen. Verpflichtungen zur Entfernung oder Sperrung der Nutzung von Informationen nach den allgemeinen Gesetzen bleiben hiervon unber\u00fchrt. Eine diesbez\u00fcgliche Haftung ist jedoch erst ab dem Zeitpunkt der Kenntnis einer konkreten Rechtsverletzung m\u00f6glich. Bei Bekanntwerden von entsprechenden Rechtsverletzungen werden wir diese Inhalte umgehend entfernen.<\/p>\n<p><strong>Haftung f\u00fcr Links<\/strong><br \/>\nUnser Angebot enth\u00e4lt Links zu externen Webseiten Dritter, auf deren Inhalte wir keinen Einfluss haben. Deshalb k\u00f6nnen wir f\u00fcr diese fremden Inhalte auch keine Gew\u00e4hr \u00fcbernehmen. F\u00fcr die Inhalte der verlinkten Seiten ist stets der jeweilige Anbieter oder Betreiber der Seiten verantwortlich. Die verlinkten Seiten wurden zum Zeitpunkt der Verlinkung auf m\u00f6gliche Rechtsverst\u00f6\u00dfe \u00fcberpr\u00fcft. Rechtswidrige Inhalte waren zum Zeitpunkt der Verlinkung nicht erkennbar. Eine permanente inhaltliche Kontrolle der verlinkten Seiten ist jedoch ohne konkrete Anhaltspunkte einer Rechtsverletzung nicht zumutbar. Bei Bekanntwerden von Rechtsverletzungen werden wir derartige Links umgehend entfernen.<\/p>\n<p>KEINE ABMAHNUNG OHNE VORHERIGEN KONTAKT!<\/p>\n<p>Sollte der Inhalt oder die Aufmachung dieser Webseiten gesetzliche Bestimmungen oder die Rechte Dritter verletzen, bitten wir um eine entsprechende Nachricht ohne Kostennote. Wir sichern zu, dass zu Recht beanstandete Passagen unverz\u00fcglich entfernt oder berichtigt werden, ohne dass von Ihrer Seite die Einschaltung eines Rechtsbeistandes erforderlich sein wird. Die zeitaufw\u00e4ndigere Einschaltung eines Anwaltes, das f\u00fcr den Dienstanbieter zur kostenpflichtigen Abmahnung f\u00fchrt, entspricht nicht wirklichem oder mutma\u00dflichem Willen des Schutzrechteinhabers. Entstandene Kosten ohne vorherige Kontaktaufnahme werden vollumf\u00e4nglich zur\u00fcckgewiesen und l\u00f6sen unter gewissen Umst\u00e4nden gegebenenfalls eine Gegenklage wegen Verletzung vorgenannter Bestimmungen aus.<\/p>\n<p><strong>Google Analytics<\/strong><br \/>\n\u201eDiese Website benutzt Google Analytics, einen Webanalysedienst der Google Inc. (\u201eGoogle\u201c). Google Analytics verwendet sog. \u201eCookies\u201c, Textdateien, die auf Ihrem Computer gespeichert werden und die eine Analyse der Benutzung der Website durch Sie erm\u00f6glicht. Die durch den Cookie erzeugten Informationen \u00fcber Ihre Benutzung dieser Website (einschlie\u00dflich Ihrer IP-Adresse) wird an einen Server von Google in den USA \u00fcbertragen und dort gespeichert. Google wird diese Informationen benutzen, um Ihre Nutzung der Website auszuwerten, um Reports \u00fcber die Websiteaktivit\u00e4ten f\u00fcr die Websitebetreiber zusammenzustellen und um weitere mit der Websitenutzung und der Internetnutzung verbundene Dienstleistungen zu erbringen. Auch wird Google diese Informationen gegebenenfalls an Dritte \u00fcbertragen, sofern dies gesetzlich vorgeschrieben oder soweit Dritte diese Daten im Auftrag von Google verarbeiten. Google wird in keinem Fall Ihre IP-Adresse mit anderen Daten, die von Google gespeichert werden, in Verbindung bringen. Sie k\u00f6nnen die Installation der Cookies durch eine entsprechende Einstellung Ihrer Browser Software verhindern; wir weisen Sie jedoch darauf hin, dass Sie in diesem Fall gegebenenfalls nicht s\u00e4mtliche Funktionen dieser Website voll umf\u00e4nglich nutzen k\u00f6nnen.<\/p>\n<p>Dieses gilt auch f\u00fcr ander Anbieter wie Facebook und co, sowie deren Tochterfirmen und deren Anbieter sowie generell andere Anbieter.<\/p>\n<p>Durch die Nutzung dieser Website erkl\u00e4ren Sie sich mit der Bearbeitung der \u00fcber Sie erhobenen Daten durch in der zuvor beschriebenen Art und Weise und zu dem zuvor benannten Zweck einverstanden.\u201c<\/p>\n<p>&nbsp;<\/p>\n","protected":false},"excerpt":{"rendered":"<p>Impressum Es handelt sich hier um ein Private Seite da ich das Fotografieren nur als Hobby betreibe! e-Mail: \u00a0 kontakt(at)foto-simbach.de www.foto-simbach.de Inhaber \/ Verantwortlich f\u00fcr Inhalt Haftung f\u00fcr Inhalte Die Inhalte unserer Seiten wurden mit gr\u00f6\u00dfter Sorgfalt erstellt. F\u00fcr die Richtigkeit, Vollst\u00e4ndigkeit und Aktualit\u00e4t der &hellip; <a href=\"https:\/\/foto-simbach.de\/web\/?page_id=775\" class=\"more-link\"><span>Continue reading<span class=\"screen-reader-text\">Impressum<\/span><\/span><\/a><\/p>\n","protected":false},"author":1,"featured_media":0,"parent":0,"menu_order":0,"comment_status":"closed","ping_status":"closed","template":"","meta":{"jetpack_post_was_ever_published":false,"footnotes":""},"jetpack_likes_enabled":true,"jetpack-related-posts":[],"jetpack_sharing_enabled":true,"jetpack_shortlink":"https:\/\/wp.me\/P6bQkb-cv","_links":{"self":[{"href":"https:\/\/foto-simbach.de\/web\/index.php?rest_route=\/wp\/v2\/pages\/775"}],"collection":[{"href":"https:\/\/foto-simbach.de\/web\/index.php?rest_route=\/wp\/v2\/pages"}],"about":[{"href":"https:\/\/foto-simbach.de\/web\/index.php?rest_route=\/wp\/v2\/types\/page"}],"author":[{"embeddable":true,"href":"https:\/\/foto-simbach.de\/web\/index.php?rest_route=\/wp\/v2\/users\/1"}],"replies":[{"embeddable":true,"href":"https:\/\/foto-simbach.de\/web\/index.php?rest_route=%2Fwp%2Fv2%2Fcomments&post=775"}],"version-history":[{"count":13,"href":"https:\/\/foto-simbach.de\/web\/index.php?rest_route=\/wp\/v2\/pages\/775\/revisions"}],"predecessor-version":[{"id":1149,"href":"https:\/\/foto-simbach.de\/web\/index.php?rest_route=\/wp\/v2\/pages\/775\/revisions\/1149"}],"wp:attachment":[{"href":"https:\/\/foto-simbach.de\/web\/index.php?rest_route=%2Fwp%2Fv2%2Fmedia&parent=775"}],"curies":[{"name":"wp","href":"https:\/\/api.w.org\/{rel}","templated":true}]}}